{"id":1876,"date":"2021-04-03T12:35:55","date_gmt":"2021-04-03T10:35:55","guid":{"rendered":"https:\/\/kimchoi.com\/?page_id=1876"},"modified":"2025-07-06T23:06:05","modified_gmt":"2025-07-06T21:06:05","slug":"about-me","status":"publish","type":"page","link":"https:\/\/kimchoi.com\/?page_id=1876","title":{"rendered":"About me"},"content":{"rendered":"\n<h2 class=\"wp-block-heading\">\uc6b0\uc8fc\uc9c4 \/ oozoozeen<\/h2>\n\n\n\n<p>Doll maker, Hobby Animator &amp; Illustrator<\/p>\n\n\n\n<p><\/p>\n\n\n\n<h2 class=\"wp-block-heading\">contact<\/h2>\n\n\n\n<p><a href=\"mailto:oozoozeen@gmail.com\" target=\"_blank\" rel=\"noreferrer noopener\">oozoozeen@gmail.com<\/a><\/p>\n\n\n\n<h2 class=\"wp-block-heading\">About me<\/h2>\n\n\n\n<p>\uc548\ub155\ud558\uc138\uc694,<\/p>\n\n\n\n<p>\uc5ec\ub7ec \uac00\uc9c0 \ucde8\ubbf8\uc0dd\ud65c\uc790 \uc6b0\uc8fc\uc9c4\uc785\ub2c8\ub2e4.<\/p>\n\n\n\n<p>\uc57d 20\ub144\uac04 \uc778\ud615 \uc791\uac00\ub85c \ud65c\ub3d9\ud558\uba70, \ud03c\ud2b8\ub098 \ub728\uac1c\uc9c8 \uac19\uc740 \uc190\uc791\uc5c5\ub3c4 \uac04\uac04\ud788 \uc990\uaca8\uc654\uc2b5\ub2c8\ub2e4.<\/p>\n\n\n\n<p>\uba87 \ub144 \uc804\ubd80\ud130\ub294 \uae00\uc4f0\uae30\uc640 \uadf8\ub9bc \uadf8\ub9ac\uae30\uc5d0 \ud765\ubbf8\uac00 \uc0dd\uaca8, \uc628\ub77c\uc778 \uac15\uc758\ub97c \ud1b5\ud574 \ud558\ub098\uc529 \ubc30\uc6cc\uac00\uba70 \uc791\uc5c5\uc744 \uc774\uc5b4\uac00\uace0 \uc788\uc2b5\ub2c8\ub2e4.<\/p>\n\n\n\n<p>\uc5b4\ub9b4 \ub54c\ubd80\ud130 \uae00\uc744 \uc798 \uc4f0\uace0 \uc2f6\ub2e4\ub294 \ub9c8\uc74c\uc774 \ucef8\uc9c0\ub9cc, \uc0dd\uac01\ub9cc\ud07c \ud544\ub825\uc774 \ub530\ub77c\uc8fc\uc9c0 \uc54a\uc544 \uadf8\ub9bc\uc744 \ud568\uaed8 \uc2dc\uc791\ud558\uac8c \ub418\uc5c8\uace0,<\/p>\n\n\n\n<p>\uc544\uc774\ud328\ub4dc, \ud3ec\ud1a0\uc0f5, \uc77c\ub7ec\uc2a4\ud2b8\ub808\uc774\ud130 \uac19\uc740 \ub514\uc9c0\ud138 \ub3c4\uad6c\ub85c \uadf8\ub9ac\uae30 \uc2dc\uc791\ud574 \uc9c0\uae08\uc740 \uc560\ub2c8\uba54\uc774\uc158 \uc791\uc5c5\uc73c\ub85c\uae4c\uc9c0 \ud655\uc7a5\ub418\uc5c8\uc2b5\ub2c8\ub2e4.<\/p>\n\n\n\n<p>\ucd5c\uadfc\uc5d0\ub294 \uc190\uc73c\ub85c \uadf8\ub9ac\ub294 \uadf8\ub9bc\uc5d0 \ub04c\ub824\uc11c, \ud39c \ub4dc\ub85c\uc789\uacfc \uc0c9\uc5f0\ud544, \uc624\uc77c\ud30c\uc2a4\ud154, \uacfc\uc288, \uc544\ud06c\ub9b4 \ub4f1 \uc5ec\ub7ec\uac00\uc9c0 \uc7ac\ub8cc\ub4e4\uc744 \uc0ac\uc6a9\ud574 \ubcf4\uace0 \uc788\ub294 \uc911\uc785\ub2c8\ub2e4. <\/p>\n\n\n\n<p>\uac10\uc0ac\ud558\uace0 \uc990\uac70\uc6b4 \uc2dc\uac04\ub4e4\uc785\ub2c8\ub2e4.<\/p>\n\n\n\n<p>\uc55e\uc73c\ub85c\ub3c4 \uc774 \uc7ac\ubbf8\ub09c \uc77c\ub4e4\uc744 \uc624\ub798\ub3c4\ub85d \uc9c0\uc18d\ud558\uba70,<\/p>\n\n\n\n<p>\ud560\uba38\ub2c8\uac00 \ub418\uc5b4\uc11c\ub3c4 \uc990\uac81\uace0 \uc790\uc720\ub85c\uc6b4 \ucde8\ubbf8\uc0dd\ud65c\uc790\ub85c \uc0b4\uace0 \uc2f6\uc2b5\ub2c8\ub2e4.<\/p>\n\n\n\n<p>\uc81c \ud648\ud398\uc774\uc9c0\uc5d0 \ucc3e\uc544\uc640 \uc8fc\uc2e0 \ubd84\ub4e4\ub3c4<\/p>\n\n\n\n<p>\uc81c\uac00 \uc870\uae08\uc529 \uc131\uc7a5\ud574\uac00\ub294 \ubaa8\uc2b5\uc744 \ud568\uaed8 \uc9c0\ucf1c\ubcf4\uba70,<\/p>\n\n\n\n<p>\uac01\uc790\uc758 \ucde8\ubbf8\uc640 \uc0b6\uc744 \uae30\uc058\uac8c \uc774\uc5b4\uac00\uc2dc\uae38 \ubc14\ub78d\ub2c8\ub2e4.<\/p>\n\n\n\n<p><\/p>\n\n\n\n<p><\/p>\n\n\n\n<h2 class=\"wp-block-heading\">\ub3c4\uc11c \uc77c\ub7ec\uc2a4\ud2b8 \/ Book Illustrations<\/h2>\n\n\n\n<p>2020. 08.&nbsp;&nbsp;<em>\ucd5c\uc740\uc601, \uc8fc\ubcc0\uc744 \uc0b4\ud53c\uba70 \uacbd\uacc4\ub97c \ub118\ub2e4, \ub300\uc7a5\uac04, 2020<\/em><\/p>\n\n\n\n<p><\/p>\n\n\n\n<h2 class=\"wp-block-heading\">\uadf8\ub8f9\uc804\uc2dc\ud68c \/ Group exhibitions<\/h2>\n\n\n\n<p>2023.05-07. <em>Schrankenlos<\/em>, Museum der deutschen Spielzeugindustrie, Neustadt bei Coburg<\/p>\n\n\n\n<p>2017. 05-07.&nbsp;<em>Puppen.Kunst 27,&nbsp;<\/em>&nbsp;Museum der deutschen Spielzeugindustrie, Neustadt bei Coburg<\/p>\n\n\n\n<p>2016. 06.&nbsp;<em>Br\u00fcckenkunst<\/em>, Inselbr\u00fccke, Cafe Re, Berlin<\/p>\n\n\n\n<p>2015. 06.&nbsp;<em>Br\u00fcckenkunst<\/em>, Inselbr\u00fccke, Cafe Re, Berlin<\/p>\n\n\n\n<p>2014. 06.&nbsp;<em>Br\u00fcckenkunst<\/em>, Inselbr\u00fccke, Cafe Re, Berlin<\/p>\n\n\n\n<p>2013. 06.&nbsp;<em>Br\u00fcckenkunst<\/em>, Inselbr\u00fccke, Cafe Re, Berlin<\/p>\n\n\n\n<p>2006. 01.&nbsp;<em>Handmade Dolls 2006,&nbsp;<\/em>Insa gallery, Seoul<\/p>\n\n\n\n<p>2005. 11-12.&nbsp;<em>4er<\/em>, Choi\u2018s Keramikstudio, Berlin<\/p>\n\n\n\n<p><\/p>\n\n\n\n<p><\/p>\n\n\n\n<h2 class=\"wp-block-heading\">\ud398\uc5b4 \/ Fairs<\/h2>\n\n\n\n<p>2007. 09.&nbsp;<em>Art Eessenz no.9,<\/em>&nbsp;Sony Center, Berlin<\/p>\n\n\n\n<p>2005. 02.&nbsp;<em>WaWa Festival,&nbsp;<\/em>World Toy Museum, Bundang<\/p>\n\n\n\n<p>2005. 01.&nbsp;<em>Toy Fair<\/em>, Bear Castle, Bundang<\/p>\n\n\n\n<p>2004. 09.&nbsp;<em>Art Essenz no.6<\/em>, Sony Center, Berlin<\/p>\n","protected":false},"excerpt":{"rendered":"<p>\uc6b0\uc8fc\uc9c4 \/ oozoozeen Doll maker, Hobby Animator &amp; Illustrator contact oozoozeen@gmail.com About me \uc548\ub155\ud558\uc138\uc694, \uc5ec\ub7ec \uac00\uc9c0 \ucde8\ubbf8\uc0dd\ud65c\uc790 \uc6b0\uc8fc\uc9c4\uc785\ub2c8\ub2e4. \uc57d 20\ub144\uac04 \uc778\ud615 \uc791\uac00\ub85c \ud65c\ub3d9\ud558\uba70, \ud03c\ud2b8\ub098 \ub728\uac1c\uc9c8 \uac19\uc740 \uc190\uc791\uc5c5\ub3c4 \uac04\uac04\ud788 \uc990\uaca8\uc654\uc2b5\ub2c8\ub2e4. \uba87 \ub144 \uc804\ubd80\ud130\ub294 \uae00\uc4f0\uae30\uc640 \uadf8\ub9bc \uadf8\ub9ac\uae30\uc5d0 \ud765\ubbf8\uac00 \uc0dd\uaca8, \uc628\ub77c\uc778 \uac15\uc758\ub97c \ud1b5\ud574 \ud558\ub098\uc529 \ubc30\uc6cc\uac00\uba70 \uc791\uc5c5\uc744 \uc774\uc5b4\uac00\uace0 \uc788\uc2b5\ub2c8\ub2e4. \uc5b4\ub9b4 \ub54c\ubd80\ud130 \uae00\uc744 \uc798 \uc4f0\uace0 \uc2f6\ub2e4\ub294 \ub9c8\uc74c\uc774 \ucef8\uc9c0\ub9cc, \uc0dd\uac01\ub9cc\ud07c \ud544\ub825\uc774 \ub530\ub77c\uc8fc\uc9c0 \uc54a\uc544 \uadf8\ub9bc\uc744 \ud568\uaed8 \uc2dc\uc791\ud558\uac8c \ub418\uc5c8\uace0, \uc544\uc774\ud328\ub4dc, \ud3ec\ud1a0\uc0f5, \uc77c\ub7ec\uc2a4\ud2b8\ub808\uc774\ud130 \uac19\uc740 \ub514\uc9c0\ud138 \ub3c4\uad6c\ub85c \uadf8\ub9ac\uae30 \uc2dc\uc791\ud574 \uc9c0\uae08\uc740 \uc560\ub2c8\uba54\uc774\uc158 \uc791\uc5c5\uc73c\ub85c\uae4c\uc9c0 \ud655\uc7a5\ub418\uc5c8\uc2b5\ub2c8\ub2e4. \ucd5c\uadfc\uc5d0\ub294 \uc190\uc73c\ub85c \uadf8\ub9ac\ub294 \uadf8\ub9bc\uc5d0 \ub04c\ub824\uc11c, \ud39c \ub4dc\ub85c\uc789\uacfc \uc0c9\uc5f0\ud544, \uc624\uc77c\ud30c\uc2a4\ud154, \uacfc\uc288, \uc544\ud06c\ub9b4 \ub4f1 \uc5ec\ub7ec\uac00\uc9c0 \uc7ac\ub8cc\ub4e4\uc744 \uc0ac\uc6a9\ud574 \ubcf4\uace0 \uc788\ub294 \uc911\uc785\ub2c8\ub2e4. \uac10\uc0ac\ud558\uace0 \uc990\uac70\uc6b4 \uc2dc\uac04\ub4e4\uc785\ub2c8\ub2e4. \uc55e\uc73c\ub85c\ub3c4 \uc774 \uc7ac\ubbf8\ub09c \uc77c\ub4e4\uc744 \uc624\ub798\ub3c4\ub85d \uc9c0\uc18d\ud558\uba70, \ud560\uba38\ub2c8\uac00 \ub418\uc5b4\uc11c\ub3c4 \uc990\uac81\uace0 \uc790\uc720\ub85c\uc6b4 \ucde8\ubbf8\uc0dd\ud65c\uc790\ub85c \uc0b4\uace0 \uc2f6\uc2b5\ub2c8\ub2e4. \uc81c \ud648\ud398\uc774\uc9c0\uc5d0 \ucc3e\uc544\uc640 \uc8fc\uc2e0 \ubd84\ub4e4\ub3c4 \uc81c\uac00 \uc870\uae08\uc529 \uc131\uc7a5\ud574\uac00\ub294 \ubaa8\uc2b5\uc744 \ud568\uaed8 \uc9c0\ucf1c\ubcf4\uba70, \uac01\uc790\uc758 \ucde8\ubbf8\uc640 \uc0b6\uc744 \uae30\uc058\uac8c \uc774\uc5b4\uac00\uc2dc\uae38 \ubc14\ub78d\ub2c8\ub2e4. \ub3c4\uc11c \uc77c\ub7ec\uc2a4\ud2b8 \/ Book Illustrations 2020. 08.&nbsp;&nbsp;\ucd5c\uc740\uc601, \uc8fc\ubcc0\uc744 \uc0b4\ud53c\uba70 \uacbd\uacc4\ub97c \ub118\ub2e4, \ub300\uc7a5\uac04, 2020 \uadf8\ub8f9\uc804\uc2dc\ud68c \/ Group exhibitions 2023.05-07. Schrankenlos, Museum der deutschen Spielzeugindustrie, Neustadt bei Coburg 2017. 05-07.&nbsp;Puppen.Kunst 27,&nbsp;&nbsp;Museum der deutschen Spielzeugindustrie, Neustadt bei Coburg 2016. 06.&nbsp;Br\u00fcckenkunst, Inselbr\u00fccke, Cafe Re, Berlin 2015. 06.&nbsp;Br\u00fcckenkunst, Inselbr\u00fccke, Cafe Re, Berlin 2014. 06.&nbsp;Br\u00fcckenkunst, Inselbr\u00fccke, Cafe Re, Berlin 2013. 06.&nbsp;Br\u00fcckenkunst, Inselbr\u00fccke, Cafe Re, Berlin 2006. 01.&nbsp;Handmade Dolls 2006,&nbsp;Insa gallery, Seoul 2005. 11-12.&nbsp;4er, Choi\u2018s Keramikstudio, Berlin \ud398\uc5b4 \/ Fairs 2007. 09.&nbsp;Art Eessenz no.9,&nbsp;Sony Center, Berlin 2005. 02.&nbsp;WaWa Festival,&nbsp;World Toy Museum, Bundang 2005. 01.&nbsp;Toy Fair, Bear Castle, Bundang 2004. 09.&nbsp;Art Essenz no.6, Sony Center, Berlin<\/p>\n","protected":false},"author":4,"featured_media":0,"parent":0,"menu_order":0,"comment_status":"closed","ping_status":"closed","template":"","meta":{"jetpack_post_was_ever_published":false,"footnotes":""},"jetpack_sharing_enabled":true,"jetpack_shortlink":"https:\/\/wp.me\/P8CJFG-ug","jetpack-related-posts":[],"_links":{"self":[{"href":"https:\/\/kimchoi.com\/index.php?rest_route=\/wp\/v2\/pages\/1876"}],"collection":[{"href":"https:\/\/kimchoi.com\/index.php?rest_route=\/wp\/v2\/pages"}],"about":[{"href":"https:\/\/kimchoi.com\/index.php?rest_route=\/wp\/v2\/types\/page"}],"author":[{"embeddable":true,"href":"https:\/\/kimchoi.com\/index.php?rest_route=\/wp\/v2\/users\/4"}],"replies":[{"embeddable":true,"href":"https:\/\/kimchoi.com\/index.php?rest_route=%2Fwp%2Fv2%2Fcomments&post=1876"}],"version-history":[{"count":10,"href":"https:\/\/kimchoi.com\/index.php?rest_route=\/wp\/v2\/pages\/1876\/revisions"}],"predecessor-version":[{"id":2582,"href":"https:\/\/kimchoi.com\/index.php?rest_route=\/wp\/v2\/pages\/1876\/revisions\/2582"}],"wp:attachment":[{"href":"https:\/\/kimchoi.com\/index.php?rest_route=%2Fwp%2Fv2%2Fmedia&parent=1876"}],"curies":[{"name":"wp","href":"https:\/\/api.w.org\/{rel}","templated":true}]}}